{"id":279,"date":"2011-09-10T20:28:26","date_gmt":"2011-09-11T00:28:26","guid":{"rendered":"http:\/\/edithsmeesters.org\/?page_id=279"},"modified":"2023-08-09T14:23:54","modified_gmt":"2023-08-09T18:23:54","slug":"liens","status":"publish","type":"page","link":"http:\/\/edithsmeesters.org\/?page_id=279","title":{"rendered":"Ressources internet"},"content":{"rendered":"<p><strong>BRF<\/strong>\u00a0(bois ram\u00e9al fragment\u00e9):<br \/>\n<a href=\"http:\/\/www.comitejeanpain.be\/\" target=\"_blank\" rel=\"noopener\">Comit\u00e9 Jean Pain <\/a><br \/>\n<a href=\"http:\/\/www.jardinsvivaces-livegardens.com\/\" target=\"_blank\" rel=\"noopener\">Les jardins vivaces de Charlesbourg<\/a><\/p>\n<p><strong>Engrais naturels<\/strong><br \/>\n<a href=\"http:\/\/www.acti-sol.ca\" target=\"_blank\" rel=\"noopener\">Acti-Sol<\/a><br \/>\n<a href=\"http:\/\/www.oeufdor.ca\" target=\"_blank\" rel=\"noopener\">Ecolo-nature<\/a><br \/>\n<a href=\"http:\/\/biobiz.ca\/\" target=\"_blank\" rel=\"noopener\">Engrais naturels McInnes<\/a><br \/>\n<a href=\"https:\/\/www.fafard.ca\/fr\/\">Fafard<\/a><br \/>\n<a href=\"http:\/\/www.usemyke.com\/\" target=\"_blank\" rel=\"noopener\">Myke<\/a><\/p>\n<p><strong>Outils sp\u00e9cialis\u00e9s<\/strong>:<br \/>\n<a href=\"https:\/\/www.ecolawnapplicator.com\/a-propos-de-nous\/?lang=fr\">Terreauteur motoris\u00e9<\/a><br \/>\n<a href=\"https:\/\/www.leevalley.com\/fr-ca\/shop\/jardinage\/entretien-du-jardin\/outils-a-desherber\/115477-petit-desherbeur-thermique?item=PT612\">Torche au propane<\/a><br \/>\nMotoculteur \u00e0 rotation invers\u00e9e :<br \/>\n<a href=\"http:\/\/www.rotadairon.com\/\" target=\"_blank\" rel=\"noopener\">Rotadairon<\/a><br \/>\n<a href=\"https:\/\/www.troybilt.ca\/fr\/jardinage\/motoculteurs\">Troy Bilt<\/a><\/p>\n<p><strong>Paillis naturels<\/strong><br \/>\n<a href=\"http:\/\/www.produitscedra.com\/\" target=\"_blank\" rel=\"noopener\">Cedra<\/a><br \/>\n<a href=\"http:\/\/www.fafard.ca\" target=\"_blank\" rel=\"noopener\">Fafard<\/a><\/p>\n<p><strong>Pesticides \u00e0 faible impact, pr\u00e9dateurs, n\u00e9matodes et autres<\/strong><br \/>\n<a href=\"http:\/\/www.aefglobal.com\/\" target=\"_blank\" rel=\"noopener\">AEF Global<\/a><br \/>\n<a href=\"http:\/\/www.biobest.ca\/\" target=\"_blank\" rel=\"noopener\">Biobest<\/a><br \/>\n<a href=\"http:\/\/www.naturalinsectcontrol.com\/\" target=\"_blank\" rel=\"noopener\">NIC (Natural Insect Control)<\/a><br \/>\n<a href=\"http:\/\/www.woodstream.com\" target=\"_blank\" rel=\"noopener\">Safer (Woodstream)<\/a><\/p>\n<p><strong>Pelouses \u00e0 entretien minimum et fleuries<\/strong>\u00a0:<br \/>\n<a href=\"https:\/\/www.gloco.ca\/fr\/produits-residentiels\/melange-de-semences-a-gazon\/4000016-herbionik-ecoturf\/\">Gloco<\/a><br \/>\n<a href=\"https:\/\/www.aiglonindigo.com\">Aiglon Indigo<\/a><br \/>\n<a href=\"https:\/\/pepiniererustique.ca\">P\u00e9pini\u00e8re rustique<\/a><\/p>\n<p><a href=\"https:\/\/akene.ca\">Akene<\/a><\/p>\n<p><a href=\"https:\/\/groupericher.com\/produits\/eco-trefle\">Groupe Richer- gazon en plaque \u00e9colo<\/a><\/p>\n<p><a href=\"https:\/\/vielajoie.com\/semences\/\">Les jardins Vie-la-joie<\/a><\/p>\n<p><strong>Semences bio <\/strong><br \/>\n<a href=\"http:\/\/www.fermetournesol.qc.ca\/\" target=\"_blank\" rel=\"noopener\">Ferme coop\u00e9rative Tournesol<\/a><br \/>\n<a href=\"http:\/\/www.ecoumene.com\/\" target=\"_blank\" rel=\"noopener\">Jardins de l\u2019\u00e9coum\u00e8ne<\/a><br \/>\n<a href=\"http:\/\/www.jardinsdugrandportage.com\/\" target=\"_blank\" rel=\"noopener\">Jardins du grand portage<\/a><br \/>\n<a href=\"http:\/\/www.mycoflor.ca\/\" target=\"_blank\" rel=\"noopener\">Mycoflor<\/a><br \/>\n<a href=\"https:\/\/semencesancestrales.com\/?gclid=Cj0KCQjwnrmlBhDHARIsADJ5b_mOjuqudJS_f53VJVwFptUuo3lOg1fgaB3XLIEo7x3FwBDJEMeROycaAlO0EALw_wcB\">Semences ancestrales<\/a><br \/>\n<a href=\"http:\/\/www.lasocietedesplantes.com\/\" target=\"_blank\" rel=\"noopener\">Soci\u00e9t\u00e9 des plantes<\/a><\/p>\n<p><strong>Organismes ou entreprises qui donnent de l\u2019information sur le jardinage \u00e9cologique, les pesticides (et probl\u00e8mes reli\u00e9s) et les alternatives<\/strong><\/p>\n<p><strong>Canada-Qu\u00e9bec<\/strong><br \/>\nAssociation Canadienne des M\u00e9decins pour l\u2019Environnement (<a href=\"https:\/\/cape.ca\/fr\/\">CAPE<\/a>)<br \/>\n<a href=\"http:\/\/www.aseq-ehaq.ca\" target=\"_blank\" rel=\"noopener\">Association pour la sant\u00e9 environnementale du Qu\u00e9bec<\/a><br \/>\n<a href=\"http:\/\/eap.mcgill.ca\/General\/home_frames.htm\" target=\"_blank\" rel=\"noopener\">Ecological Agriculture projects<\/a><br \/>\n<a href=\"https:\/\/saenviro.com\/\" target=\"_blank\" rel=\"noopener\">Solutions Alternatives en environnement<\/a><br \/>\n<a href=\"https:\/\/www.equiterre.org\/fr\" target=\"_blank\" rel=\"noopener\">Equiterre<\/a><\/p>\n<p><a href=\"https:\/\/nature-action.qc.ca\">Nature-Action Qu\u00e9bec<\/a><\/p>\n","protected":false},"excerpt":{"rendered":"<p>BRF\u00a0(bois ram\u00e9al fragment\u00e9): Comit\u00e9 Jean Pain Les jardins vivaces de Charlesbourg Engrais naturels Acti-Sol Ecolo-nature Engrais naturels McInnes Fafard Myke Outils sp\u00e9cialis\u00e9s: Terreauteur motoris\u00e9 Torche au propane Motoculteur \u00e0 rotation invers\u00e9e : Rotadairon Troy Bilt Paillis naturels Cedra Fafard Pesticides &hellip; <a href=\"http:\/\/edithsmeesters.org\/?page_id=279\">Continuer la lecture <span class=\"meta-nav\">&rarr;<\/span><\/a><\/p>\n","protected":false},"author":1,"featured_media":0,"parent":0,"menu_order":0,"comment_status":"closed","ping_status":"open","template":"","meta":[],"_links":{"self":[{"href":"http:\/\/edithsmeesters.org\/index.php?rest_route=\/wp\/v2\/pages\/279"}],"collection":[{"href":"http:\/\/edithsmeesters.org\/index.php?rest_route=\/wp\/v2\/pages"}],"about":[{"href":"http:\/\/edithsmeesters.org\/index.php?rest_route=\/wp\/v2\/types\/page"}],"author":[{"embeddable":true,"href":"http:\/\/edithsmeesters.org\/index.php?rest_route=\/wp\/v2\/users\/1"}],"replies":[{"embeddable":true,"href":"http:\/\/edithsmeesters.org\/index.php?rest_route=%2Fwp%2Fv2%2Fcomments&post=279"}],"version-history":[{"count":58,"href":"http:\/\/edithsmeesters.org\/index.php?rest_route=\/wp\/v2\/pages\/279\/revisions"}],"predecessor-version":[{"id":604,"href":"http:\/\/edithsmeesters.org\/index.php?rest_route=\/wp\/v2\/pages\/279\/revisions\/604"}],"wp:attachment":[{"href":"http:\/\/edithsmeesters.org\/index.php?rest_route=%2Fwp%2Fv2%2Fmedia&parent=279"}],"curies":[{"name":"wp","href":"https:\/\/api.w.org\/{rel}","templated":true}]}}